{"id":7,"date":"2021-07-04T01:10:22","date_gmt":"2021-07-04T01:10:22","guid":{"rendered":"http:\/\/8e-feu.com\/?page_id=7"},"modified":"2021-07-04T02:26:34","modified_gmt":"2021-07-04T02:26:34","slug":"about","status":"publish","type":"page","link":"https:\/\/8e-feu.com\/index.php\/about\/","title":{"rendered":"La L\u00e9gende des Sept Feux"},"content":{"rendered":"\n<p><em>La proph\u00e9tie algonquine des sept feux d\u00e9crit l&#8217;\u00e9volution de l&#8217;humanit\u00e9 depuis des si\u00e8cles jusqu&#8217;\u00e0 nos jours. Nous sommes dans la p\u00e9riode du septi\u00e8me feu, une p\u00e9riode cruciale de choix de vie. La proph\u00e9tie incite \u00e0 choisir un monde de paix et d&#8217;union entre les races et les peuples. Ce message est d\u00e9livr\u00e9 activement par plusieurs Grands Chefs Algonquins, dont le Grand-P\u00e8re William Commanda et Dominique Rankin. Il est en accord avec une autre proph\u00e9tie des Lakotas, celle d<\/em>e l&#8217;Aigle et du Condor<\/p>\n","protected":false},"excerpt":{"rendered":"<p>La proph\u00e9tie algonquine des sept feux d\u00e9crit l&#8217;\u00e9volution de l&#8217;humanit\u00e9 depuis des si\u00e8cles jusqu&#8217;\u00e0 nos jours. Nous sommes dans la p\u00e9riode du septi\u00e8me feu, une p\u00e9riode cruciale de choix de vie. La proph\u00e9tie incite \u00e0 choisir un monde de paix et d&#8217;union entre les races et les peuples. Ce message est d\u00e9livr\u00e9 activement par plusieurs &hellip; <\/p>\n<p class=\"link-more\"><a href=\"https:\/\/8e-feu.com\/index.php\/about\/\" class=\"more-link\">Continue reading<span class=\"screen-reader-text\"> &#8220;La L\u00e9gende des Sept Feux&#8221;<\/span><\/a><\/p>\n","protected":false},"author":1,"featured_media":0,"parent":0,"menu_order":0,"comment_status":"closed","ping_status":"closed","template":"","meta":{"footnotes":""},"class_list":["post-7","page","type-page","status-publish","hentry"],"_links":{"self":[{"href":"https:\/\/8e-feu.com\/index.php\/wp-json\/wp\/v2\/pages\/7","targetHints":{"allow":["GET"]}}],"collection":[{"href":"https:\/\/8e-feu.com\/index.php\/wp-json\/wp\/v2\/pages"}],"about":[{"href":"https:\/\/8e-feu.com\/index.php\/wp-json\/wp\/v2\/types\/page"}],"author":[{"embeddable":true,"href":"https:\/\/8e-feu.com\/index.php\/wp-json\/wp\/v2\/users\/1"}],"replies":[{"embeddable":true,"href":"https:\/\/8e-feu.com\/index.php\/wp-json\/wp\/v2\/comments?post=7"}],"version-history":[{"count":2,"href":"https:\/\/8e-feu.com\/index.php\/wp-json\/wp\/v2\/pages\/7\/revisions"}],"predecessor-version":[{"id":58,"href":"https:\/\/8e-feu.com\/index.php\/wp-json\/wp\/v2\/pages\/7\/revisions\/58"}],"wp:attachment":[{"href":"https:\/\/8e-feu.com\/index.php\/wp-json\/wp\/v2\/media?parent=7"}],"curies":[{"name":"wp","href":"https:\/\/api.w.org\/{rel}","templated":true}]}}