{"id":14,"date":"2021-07-04T01:10:22","date_gmt":"2021-07-04T01:10:22","guid":{"rendered":"http:\/\/8e-feu.com\/?page_id=14"},"modified":"2021-07-04T05:26:56","modified_gmt":"2021-07-04T05:26:56","slug":"home","status":"publish","type":"page","link":"https:\/\/8e-feu.com\/","title":{"rendered":"En Route vers le 8e Feu"},"content":{"rendered":"\n<p>Bienvenue a tous avec nous sur la Route du 8eme Feu, La page a pour but de faire conna\u00eetre les proph\u00e9ties anciennes en lien avec les premi\u00e8res nations.<\/p>\n","protected":false},"excerpt":{"rendered":"<p>Bienvenue a tous avec nous sur la Route du 8eme Feu, La page a pour but de faire conna\u00eetre les proph\u00e9ties anciennes en lien avec les premi\u00e8res nations.<\/p>\n","protected":false},"author":1,"featured_media":0,"parent":0,"menu_order":0,"comment_status":"closed","ping_status":"closed","template":"","meta":{"footnotes":""},"class_list":["post-14","page","type-page","status-publish","hentry"],"_links":{"self":[{"href":"https:\/\/8e-feu.com\/index.php\/wp-json\/wp\/v2\/pages\/14","targetHints":{"allow":["GET"]}}],"collection":[{"href":"https:\/\/8e-feu.com\/index.php\/wp-json\/wp\/v2\/pages"}],"about":[{"href":"https:\/\/8e-feu.com\/index.php\/wp-json\/wp\/v2\/types\/page"}],"author":[{"embeddable":true,"href":"https:\/\/8e-feu.com\/index.php\/wp-json\/wp\/v2\/users\/1"}],"replies":[{"embeddable":true,"href":"https:\/\/8e-feu.com\/index.php\/wp-json\/wp\/v2\/comments?post=14"}],"version-history":[{"count":2,"href":"https:\/\/8e-feu.com\/index.php\/wp-json\/wp\/v2\/pages\/14\/revisions"}],"predecessor-version":[{"id":51,"href":"https:\/\/8e-feu.com\/index.php\/wp-json\/wp\/v2\/pages\/14\/revisions\/51"}],"wp:attachment":[{"href":"https:\/\/8e-feu.com\/index.php\/wp-json\/wp\/v2\/media?parent=14"}],"curies":[{"name":"wp","href":"https:\/\/api.w.org\/{rel}","templated":true}]}}